{"id":9557,"date":"2024-07-29T16:51:01","date_gmt":"2024-07-29T14:51:01","guid":{"rendered":"https:\/\/banerai.com\/producto\/fruehauf-d-1061-semirreboque-movel-de-caixa-plana\/"},"modified":"2025-03-06T18:53:26","modified_gmt":"2025-03-06T17:53:26","slug":"fruehauf-d-1061-semirreboque-movel-de-caixa-plana","status":"publish","type":"product","link":"https:\/\/banerai.com\/pt-pt\/product\/fruehauf-d-1061-semirreboque-movel-de-caixa-plana\/","title":{"rendered":"Fruehauf D-1061 Semirreboque m\u00f3vel de caixa plana"},"content":{"rendered":"<h4>Carater\u00edsticas<\/h4>\n<p>MMA: 35.000kg Volume de carga: 90m3 Trav\u00f5es de tambor Suspens\u00e3o pneum\u00e1tica<\/p>\n","protected":false},"excerpt":{"rendered":"<p><strong>Modelo:<\/strong> D-1061<br \/>\n<strong>Horas\/km:<\/strong> \u00bf?<br \/>\n<strong>Registo:<\/strong> SIM<br \/>\n<strong>Marca\u00e7\u00e3o CE:<\/strong> SIM<\/p>\n<p>&nbsp;<\/p>\n","protected":false},"featured_media":0,"template":"","meta":{"inline_featured_image":false,"site-sidebar-layout":"default","site-content-layout":"","ast-site-content-layout":"default","site-content-style":"default","site-sidebar-style":"default","ast-global-header-display":"","ast-banner-title-visibility":"","ast-main-header-display":"","ast-hfb-above-header-display":"","ast-hfb-below-header-display":"","ast-hfb-mobile-header-display":"","site-post-title":"","ast-breadcrumbs-content":"","ast-featured-img":"","footer-sml-layout":"","theme-transparent-header-meta":"default","adv-header-id-meta":"","stick-header-meta":"","header-above-stick-meta":"","header-main-stick-meta":"","header-below-stick-meta":"","astra-migrate-meta-layouts":"set","ast-page-background-enabled":"default","ast-page-background-meta":{"desktop":{"background-color":"","background-image":"","background-repeat":"repeat","background-position":"center center","background-size":"auto","background-attachment":"scroll","background-type":"","background-media":"","overlay-type":"","overlay-color":"","overlay-opacity":"","overlay-gradient":""},"tablet":{"background-color":"","background-image":"","background-repeat":"repeat","background-position":"center center","background-size":"auto","background-attachment":"scroll","background-type":"","background-media":"","overlay-type":"","overlay-color":"","overlay-opacity":"","overlay-gradient":""},"mobile":{"background-color":"","background-image":"","background-repeat":"repeat","background-position":"center center","background-size":"auto","background-attachment":"scroll","background-type":"","background-media":"","overlay-type":"","overlay-color":"","overlay-opacity":"","overlay-gradient":""}},"ast-content-background-meta":{"desktop":{"background-color":"var(--ast-global-color-5)","background-image":"","background-repeat":"repeat","background-position":"center center","background-size":"auto","background-attachment":"scroll","background-type":"","background-media":"","overlay-type":"","overlay-color":"","overlay-opacity":"","overlay-gradient":""},"tablet":{"background-color":"var(--ast-global-color-5)","background-image":"","background-repeat":"repeat","background-position":"center center","background-size":"auto","background-attachment":"scroll","background-type":"","background-media":"","overlay-type":"","overlay-color":"","overlay-opacity":"","overlay-gradient":""},"mobile":{"background-color":"var(--ast-global-color-5)","background-image":"","background-repeat":"repeat","background-position":"center center","background-size":"auto","background-attachment":"scroll","background-type":"","background-media":"","overlay-type":"","overlay-color":"","overlay-opacity":"","overlay-gradient":""}}},"pwb-brand":[292],"product_brand":[],"product_cat":[228],"product_tag":[],"class_list":{"0":"post-9557","1":"product","2":"type-product","3":"status-publish","5":"pwb-brand-fruehauf-pt","6":"product_cat-camiones-y-semirremolques-pt","7":"desktop-align-left","8":"tablet-align-left","9":"mobile-align-left","11":"first","12":"instock","13":"shipping-taxable","14":"product-type-simple"},"acf":[],"brands":[{"id":292,"name":"Fruehauf","slug":"fruehauf-pt"}],"_links":{"self":[{"href":"https:\/\/banerai.com\/pt-pt\/wp-json\/wp\/v2\/product\/9557","targetHints":{"allow":["GET"]}}],"collection":[{"href":"https:\/\/banerai.com\/pt-pt\/wp-json\/wp\/v2\/product"}],"about":[{"href":"https:\/\/banerai.com\/pt-pt\/wp-json\/wp\/v2\/types\/product"}],"wp:attachment":[{"href":"https:\/\/banerai.com\/pt-pt\/wp-json\/wp\/v2\/media?parent=9557"}],"wp:term":[{"taxonomy":"pwb-brand","embeddable":true,"href":"https:\/\/banerai.com\/pt-pt\/wp-json\/wp\/v2\/pwb-brand?post=9557"},{"taxonomy":"product_brand","embeddable":true,"href":"https:\/\/banerai.com\/pt-pt\/wp-json\/wp\/v2\/product_brand?post=9557"},{"taxonomy":"product_cat","embeddable":true,"href":"https:\/\/banerai.com\/pt-pt\/wp-json\/wp\/v2\/product_cat?post=9557"},{"taxonomy":"product_tag","embeddable":true,"href":"https:\/\/banerai.com\/pt-pt\/wp-json\/wp\/v2\/product_tag?post=9557"}],"curies":[{"name":"wp","href":"https:\/\/api.w.org\/{rel}","templated":true}]}}