{"id":9553,"date":"2024-07-29T16:59:34","date_gmt":"2024-07-29T14:59:34","guid":{"rendered":"https:\/\/banerai.com\/producto\/peletizadora-de-alta-producao-fanda-mklh-760\/"},"modified":"2025-04-14T09:12:01","modified_gmt":"2025-04-14T07:12:01","slug":"peletizadora-de-alta-producao-fanda-mklh-760","status":"publish","type":"product","link":"https:\/\/banerai.com\/pt-pt\/product\/peletizadora-de-alta-producao-fanda-mklh-760\/","title":{"rendered":"Peletizadora de alta produ\u00e7\u00e3o Fanda MKLH 760"},"content":{"rendered":"<h4>Carater\u00edsticas<\/h4>\n<p>Equipado com refrigerador e extrator de res\u00edduos vol\u00e1teis.<br \/>\nCapaz de produzir pellets de combust\u00edvel \u00e0 escala industrial e a alta carga. Pode converter quase todos os res\u00edduos agr\u00edcolas e florestais em pellets de combust\u00edvel comercializ\u00e1veis.<\/p>\n","protected":false},"excerpt":{"rendered":"<p><strong>Marca:<\/strong> Fanda<br \/>\n<strong>Modelo:<\/strong> MKLH 760<br \/>\n<strong>Horas\/km:<\/strong> &#8211;<br \/>\n<strong>Registo:<\/strong> &#8211;<br \/>\n<strong>Marca\u00e7\u00e3o CE:<\/strong> Si<\/p>\n<p>&nbsp;<\/p>\n","protected":false},"featured_media":8710,"template":"","meta":{"inline_featured_image":false,"site-sidebar-layout":"default","site-content-layout":"","ast-site-content-layout":"default","site-content-style":"default","site-sidebar-style":"default","ast-global-header-display":"","ast-banner-title-visibility":"","ast-main-header-display":"","ast-hfb-above-header-display":"","ast-hfb-below-header-display":"","ast-hfb-mobile-header-display":"","site-post-title":"","ast-breadcrumbs-content":"","ast-featured-img":"","footer-sml-layout":"","theme-transparent-header-meta":"default","adv-header-id-meta":"","stick-header-meta":"","header-above-stick-meta":"","header-main-stick-meta":"","header-below-stick-meta":"","astra-migrate-meta-layouts":"set","ast-page-background-enabled":"default","ast-page-background-meta":{"desktop":{"background-color":"","background-image":"","background-repeat":"repeat","background-position":"center center","background-size":"auto","background-attachment":"scroll","background-type":"","background-media":"","overlay-type":"","overlay-color":"","overlay-opacity":"","overlay-gradient":""},"tablet":{"background-color":"","background-image":"","background-repeat":"repeat","background-position":"center center","background-size":"auto","background-attachment":"scroll","background-type":"","background-media":"","overlay-type":"","overlay-color":"","overlay-opacity":"","overlay-gradient":""},"mobile":{"background-color":"","background-image":"","background-repeat":"repeat","background-position":"center center","background-size":"auto","background-attachment":"scroll","background-type":"","background-media":"","overlay-type":"","overlay-color":"","overlay-opacity":"","overlay-gradient":""}},"ast-content-background-meta":{"desktop":{"background-color":"var(--ast-global-color-5)","background-image":"","background-repeat":"repeat","background-position":"center center","background-size":"auto","background-attachment":"scroll","background-type":"","background-media":"","overlay-type":"","overlay-color":"","overlay-opacity":"","overlay-gradient":""},"tablet":{"background-color":"var(--ast-global-color-5)","background-image":"","background-repeat":"repeat","background-position":"center center","background-size":"auto","background-attachment":"scroll","background-type":"","background-media":"","overlay-type":"","overlay-color":"","overlay-opacity":"","overlay-gradient":""},"mobile":{"background-color":"var(--ast-global-color-5)","background-image":"","background-repeat":"repeat","background-position":"center center","background-size":"auto","background-attachment":"scroll","background-type":"","background-media":"","overlay-type":"","overlay-color":"","overlay-opacity":"","overlay-gradient":""}}},"pwb-brand":[289],"product_brand":[],"product_cat":[249],"product_tag":[],"class_list":{"0":"post-9553","1":"product","2":"type-product","3":"status-publish","4":"has-post-thumbnail","6":"pwb-brand-fanda-pt","7":"product_cat-peletizadoras-pt","8":"desktop-align-left","9":"tablet-align-left","10":"mobile-align-left","12":"first","13":"instock","14":"shipping-taxable","15":"product-type-simple"},"acf":[],"brands":[{"id":289,"name":"Fanda","slug":"fanda-pt"}],"_links":{"self":[{"href":"https:\/\/banerai.com\/pt-pt\/wp-json\/wp\/v2\/product\/9553","targetHints":{"allow":["GET"]}}],"collection":[{"href":"https:\/\/banerai.com\/pt-pt\/wp-json\/wp\/v2\/product"}],"about":[{"href":"https:\/\/banerai.com\/pt-pt\/wp-json\/wp\/v2\/types\/product"}],"wp:featuredmedia":[{"embeddable":true,"href":"https:\/\/banerai.com\/pt-pt\/wp-json\/wp\/v2\/media\/8710"}],"wp:attachment":[{"href":"https:\/\/banerai.com\/pt-pt\/wp-json\/wp\/v2\/media?parent=9553"}],"wp:term":[{"taxonomy":"pwb-brand","embeddable":true,"href":"https:\/\/banerai.com\/pt-pt\/wp-json\/wp\/v2\/pwb-brand?post=9553"},{"taxonomy":"product_brand","embeddable":true,"href":"https:\/\/banerai.com\/pt-pt\/wp-json\/wp\/v2\/product_brand?post=9553"},{"taxonomy":"product_cat","embeddable":true,"href":"https:\/\/banerai.com\/pt-pt\/wp-json\/wp\/v2\/product_cat?post=9553"},{"taxonomy":"product_tag","embeddable":true,"href":"https:\/\/banerai.com\/pt-pt\/wp-json\/wp\/v2\/product_tag?post=9553"}],"curies":[{"name":"wp","href":"https:\/\/api.w.org\/{rel}","templated":true}]}}