{"id":11662,"date":"2026-01-26T19:17:02","date_gmt":"2026-01-26T18:17:02","guid":{"rendered":"https:\/\/banerai.com\/product\/trituradora-bc2100xl\/"},"modified":"2026-01-26T19:17:02","modified_gmt":"2026-01-26T18:17:02","slug":"trituradora-bc2100xl","status":"publish","type":"product","link":"https:\/\/banerai.com\/pt-pt\/product\/trituradora-bc2100xl\/","title":{"rendered":"Trituradora BC2100XL"},"content":{"rendered":"<h1>Carater\u00edsticas<\/h1>\n<p data-start=\"102\" data-end=\"145\"><strong data-start=\"102\" data-end=\"145\">Pot\u00eancia e intelig\u00eancia na tritura\u00e7\u00e3o<\/strong><\/p>\n<p data-start=\"147\" data-end=\"782\" data-is-last-node=\"\" data-is-only-node=\"\">Proporciona a pot\u00eancia necess\u00e1ria para enfrentar as exig\u00eancias do local de trabalho gra\u00e7as ao seu motor de 275 hp. Incorpora um sistema de tritura\u00e7\u00e3o inteligente que deteta o comportamento do material: quando o rolo de alimenta\u00e7\u00e3o superior se eleva livremente durante quatro segundos, o equipamento aumenta automaticamente a press\u00e3o descendente. <\/p>\n","protected":false},"excerpt":{"rendered":"<p><strong>Comprimento (transporte)<\/strong>: 6 m<br \/>\n<strong>Anchura<\/strong>: 2,4 m<br \/>\n<strong>Altura (transporte)<\/strong>: 2,9 m<br \/>\n<strong>Peso<\/strong>: 6.894,6 kg<br \/>\n<strong>Pot\u00eancia do motor<\/strong>: 275 hp (205,1 kW)<\/p>\n","protected":false},"featured_media":11655,"template":"","meta":{"inline_featured_image":false,"site-sidebar-layout":"default","site-content-layout":"","ast-site-content-layout":"default","site-content-style":"default","site-sidebar-style":"default","ast-global-header-display":"","ast-banner-title-visibility":"","ast-main-header-display":"","ast-hfb-above-header-display":"","ast-hfb-below-header-display":"","ast-hfb-mobile-header-display":"","site-post-title":"","ast-breadcrumbs-content":"","ast-featured-img":"","footer-sml-layout":"","theme-transparent-header-meta":"default","adv-header-id-meta":"","stick-header-meta":"","header-above-stick-meta":"","header-main-stick-meta":"","header-below-stick-meta":"","astra-migrate-meta-layouts":"default","ast-page-background-enabled":"default","ast-page-background-meta":{"desktop":{"background-color":"","background-image":"","background-repeat":"repeat","background-position":"center center","background-size":"auto","background-attachment":"scroll","background-type":"","background-media":"","overlay-type":"","overlay-color":"","overlay-opacity":"","overlay-gradient":""},"tablet":{"background-color":"","background-image":"","background-repeat":"repeat","background-position":"center center","background-size":"auto","background-attachment":"scroll","background-type":"","background-media":"","overlay-type":"","overlay-color":"","overlay-opacity":"","overlay-gradient":""},"mobile":{"background-color":"","background-image":"","background-repeat":"repeat","background-position":"center center","background-size":"auto","background-attachment":"scroll","background-type":"","background-media":"","overlay-type":"","overlay-color":"","overlay-opacity":"","overlay-gradient":""}},"ast-content-background-meta":{"desktop":{"background-color":"var(--ast-global-color-5)","background-image":"","background-repeat":"repeat","background-position":"center center","background-size":"auto","background-attachment":"scroll","background-type":"","background-media":"","overlay-type":"","overlay-color":"","overlay-opacity":"","overlay-gradient":""},"tablet":{"background-color":"var(--ast-global-color-5)","background-image":"","background-repeat":"repeat","background-position":"center center","background-size":"auto","background-attachment":"scroll","background-type":"","background-media":"","overlay-type":"","overlay-color":"","overlay-opacity":"","overlay-gradient":""},"mobile":{"background-color":"var(--ast-global-color-5)","background-image":"","background-repeat":"repeat","background-position":"center center","background-size":"auto","background-attachment":"scroll","background-type":"","background-media":"","overlay-type":"","overlay-color":"","overlay-opacity":"","overlay-gradient":""}}},"pwb-brand":[367],"product_brand":[],"product_cat":[309],"product_tag":[],"class_list":{"0":"post-11662","1":"product","2":"type-product","3":"status-publish","4":"has-post-thumbnail","6":"pwb-brand-vermeer-pt-pt","7":"product_cat-trituradores-e-crivos-moveis","8":"desktop-align-left","9":"tablet-align-left","10":"mobile-align-left","12":"first","13":"instock","14":"shipping-taxable","15":"product-type-simple"},"acf":[],"brands":[{"id":367,"name":"Vermeer","slug":"vermeer-pt-pt"}],"_links":{"self":[{"href":"https:\/\/banerai.com\/pt-pt\/wp-json\/wp\/v2\/product\/11662","targetHints":{"allow":["GET"]}}],"collection":[{"href":"https:\/\/banerai.com\/pt-pt\/wp-json\/wp\/v2\/product"}],"about":[{"href":"https:\/\/banerai.com\/pt-pt\/wp-json\/wp\/v2\/types\/product"}],"wp:featuredmedia":[{"embeddable":true,"href":"https:\/\/banerai.com\/pt-pt\/wp-json\/wp\/v2\/media\/11655"}],"wp:attachment":[{"href":"https:\/\/banerai.com\/pt-pt\/wp-json\/wp\/v2\/media?parent=11662"}],"wp:term":[{"taxonomy":"pwb-brand","embeddable":true,"href":"https:\/\/banerai.com\/pt-pt\/wp-json\/wp\/v2\/pwb-brand?post=11662"},{"taxonomy":"product_brand","embeddable":true,"href":"https:\/\/banerai.com\/pt-pt\/wp-json\/wp\/v2\/product_brand?post=11662"},{"taxonomy":"product_cat","embeddable":true,"href":"https:\/\/banerai.com\/pt-pt\/wp-json\/wp\/v2\/product_cat?post=11662"},{"taxonomy":"product_tag","embeddable":true,"href":"https:\/\/banerai.com\/pt-pt\/wp-json\/wp\/v2\/product_tag?post=11662"}],"curies":[{"name":"wp","href":"https:\/\/api.w.org\/{rel}","templated":true}]}}