{"id":11661,"date":"2026-01-26T19:17:02","date_gmt":"2026-01-26T18:17:02","guid":{"rendered":"https:\/\/banerai.com\/product\/broyeur-bc2100xl\/"},"modified":"2026-01-26T19:17:02","modified_gmt":"2026-01-26T18:17:02","slug":"broyeur-bc2100xl","status":"publish","type":"product","link":"https:\/\/banerai.com\/fr\/product\/broyeur-bc2100xl\/","title":{"rendered":"Broyeur BC2100XL"},"content":{"rendered":"<h1>Caract\u00e9ristiques<\/h1>\n<p data-start=\"102\" data-end=\"145\"><strong data-start=\"102\" data-end=\"145\">Puissance et intelligence dans le broyage<\/strong><\/p>\n<p data-start=\"147\" data-end=\"782\" data-is-last-node=\"\" data-is-only-node=\"\">Elle fournit la puissance n\u00e9cessaire pour r\u00e9pondre aux exigences du chantier gr\u00e2ce \u00e0 son moteur de 275 ch. Elle int\u00e8gre un syst\u00e8me de broyage intelligent qui d\u00e9tecte le comportement du mat\u00e9riau : lorsque le rouleau d\u2019alimentation sup\u00e9rieur se soul\u00e8ve librement pendant quatre secondes, la machine augmente automatiquement la pression vers le bas. <\/p>\n","protected":false},"excerpt":{"rendered":"<p><strong>Longueur (transport)<\/strong>: 6 m<br \/>\n<strong>Largeur<\/strong>: 2,4 m<br \/>\n<strong>Hauteur (transport)<\/strong>: 2,9 m<br \/>\n<strong>Poids<\/strong>: 6.894,6 kg<br \/>\n<strong>Puissance moteur<\/strong>: 275 hp (205,1 kW)<\/p>\n","protected":false},"featured_media":11654,"template":"","meta":{"inline_featured_image":false,"site-sidebar-layout":"default","site-content-layout":"","ast-site-content-layout":"default","site-content-style":"default","site-sidebar-style":"default","ast-global-header-display":"","ast-banner-title-visibility":"","ast-main-header-display":"","ast-hfb-above-header-display":"","ast-hfb-below-header-display":"","ast-hfb-mobile-header-display":"","site-post-title":"","ast-breadcrumbs-content":"","ast-featured-img":"","footer-sml-layout":"","theme-transparent-header-meta":"default","adv-header-id-meta":"","stick-header-meta":"","header-above-stick-meta":"","header-main-stick-meta":"","header-below-stick-meta":"","astra-migrate-meta-layouts":"default","ast-page-background-enabled":"default","ast-page-background-meta":{"desktop":{"background-color":"","background-image":"","background-repeat":"repeat","background-position":"center center","background-size":"auto","background-attachment":"scroll","background-type":"","background-media":"","overlay-type":"","overlay-color":"","overlay-opacity":"","overlay-gradient":""},"tablet":{"background-color":"","background-image":"","background-repeat":"repeat","background-position":"center center","background-size":"auto","background-attachment":"scroll","background-type":"","background-media":"","overlay-type":"","overlay-color":"","overlay-opacity":"","overlay-gradient":""},"mobile":{"background-color":"","background-image":"","background-repeat":"repeat","background-position":"center center","background-size":"auto","background-attachment":"scroll","background-type":"","background-media":"","overlay-type":"","overlay-color":"","overlay-opacity":"","overlay-gradient":""}},"ast-content-background-meta":{"desktop":{"background-color":"var(--ast-global-color-5)","background-image":"","background-repeat":"repeat","background-position":"center center","background-size":"auto","background-attachment":"scroll","background-type":"","background-media":"","overlay-type":"","overlay-color":"","overlay-opacity":"","overlay-gradient":""},"tablet":{"background-color":"var(--ast-global-color-5)","background-image":"","background-repeat":"repeat","background-position":"center center","background-size":"auto","background-attachment":"scroll","background-type":"","background-media":"","overlay-type":"","overlay-color":"","overlay-opacity":"","overlay-gradient":""},"mobile":{"background-color":"var(--ast-global-color-5)","background-image":"","background-repeat":"repeat","background-position":"center center","background-size":"auto","background-attachment":"scroll","background-type":"","background-media":"","overlay-type":"","overlay-color":"","overlay-opacity":"","overlay-gradient":""}}},"pwb-brand":[366],"product_brand":[],"product_cat":[308],"product_tag":[],"class_list":{"0":"post-11661","1":"product","2":"type-product","3":"status-publish","4":"has-post-thumbnail","6":"pwb-brand-vermeer-fr","7":"product_cat-concasseurs-et-cribles-mobiles","8":"desktop-align-left","9":"tablet-align-left","10":"mobile-align-left","12":"first","13":"instock","14":"shipping-taxable","15":"product-type-simple"},"acf":[],"brands":[{"id":366,"name":"Vermeer","slug":"vermeer-fr"}],"_links":{"self":[{"href":"https:\/\/banerai.com\/fr\/wp-json\/wp\/v2\/product\/11661","targetHints":{"allow":["GET"]}}],"collection":[{"href":"https:\/\/banerai.com\/fr\/wp-json\/wp\/v2\/product"}],"about":[{"href":"https:\/\/banerai.com\/fr\/wp-json\/wp\/v2\/types\/product"}],"wp:featuredmedia":[{"embeddable":true,"href":"https:\/\/banerai.com\/fr\/wp-json\/wp\/v2\/media\/11654"}],"wp:attachment":[{"href":"https:\/\/banerai.com\/fr\/wp-json\/wp\/v2\/media?parent=11661"}],"wp:term":[{"taxonomy":"pwb-brand","embeddable":true,"href":"https:\/\/banerai.com\/fr\/wp-json\/wp\/v2\/pwb-brand?post=11661"},{"taxonomy":"product_brand","embeddable":true,"href":"https:\/\/banerai.com\/fr\/wp-json\/wp\/v2\/product_brand?post=11661"},{"taxonomy":"product_cat","embeddable":true,"href":"https:\/\/banerai.com\/fr\/wp-json\/wp\/v2\/product_cat?post=11661"},{"taxonomy":"product_tag","embeddable":true,"href":"https:\/\/banerai.com\/fr\/wp-json\/wp\/v2\/product_tag?post=11661"}],"curies":[{"name":"wp","href":"https:\/\/api.w.org\/{rel}","templated":true}]}}