{"id":10234,"date":"2024-07-29T01:03:39","date_gmt":"2024-07-28T23:03:39","guid":{"rendered":"https:\/\/banerai.com\/producto\/chariot-telescopique-merlo-30-13\/"},"modified":"2025-03-06T22:52:34","modified_gmt":"2025-03-06T21:52:34","slug":"chariot-telescopique-merlo-30-13","status":"publish","type":"product","link":"https:\/\/banerai.com\/fr\/product\/chariot-telescopique-merlo-30-13\/","title":{"rendered":"Chariot t\u00e9lescopique Merlo 30.13"},"content":{"rendered":"<h4>Caract\u00e9ristiques<\/h4>\n<p>Charge nominale 3 t<br \/>\nCentre de gravit\u00e9 500 mm<br \/>\nPneus standard 400\/70- 20<br \/>\nType de transmission Hy<br \/>\nPort\u00e9e lat\u00e9rale max. Port\u00e9e lat\u00e9rale ll.l8 m<br \/>\navec charge au point central de 0,65 t<br \/>\nHauteur de levage 13,4 m<br \/>\nAvec charge au point central. 2.5 t<br \/>\nPoids 11,9 t<br \/>\nMod\u00e8le S\u00e9rie Roto<br \/>\nFabricant du moteur Perkins<br \/>\nMod\u00e8le du moteur l004.4T<br \/>\nPuissance du moteur 84 kW<\/p>\n","protected":false},"excerpt":{"rendered":"<p><strong>Mod\u00e8le:<\/strong> 30.13<br \/>\n<strong>Ann\u00e9e:<\/strong> 1998<br \/>\n<strong>Heures\/km:<\/strong> 9.000<br \/>\n<strong>Immatriculation:<\/strong> Oui<br \/>\n<strong>Marquage CE:<\/strong> Oui<\/p>\n","protected":false},"featured_media":11668,"template":"","meta":{"inline_featured_image":false,"site-sidebar-layout":"default","site-content-layout":"","ast-site-content-layout":"default","site-content-style":"default","site-sidebar-style":"default","ast-global-header-display":"","ast-banner-title-visibility":"","ast-main-header-display":"","ast-hfb-above-header-display":"","ast-hfb-below-header-display":"","ast-hfb-mobile-header-display":"","site-post-title":"","ast-breadcrumbs-content":"","ast-featured-img":"","footer-sml-layout":"","theme-transparent-header-meta":"default","adv-header-id-meta":"","stick-header-meta":"","header-above-stick-meta":"","header-main-stick-meta":"","header-below-stick-meta":"","astra-migrate-meta-layouts":"set","ast-page-background-enabled":"default","ast-page-background-meta":{"desktop":{"background-color":"","background-image":"","background-repeat":"repeat","background-position":"center center","background-size":"auto","background-attachment":"scroll","background-type":"","background-media":"","overlay-type":"","overlay-color":"","overlay-opacity":"","overlay-gradient":""},"tablet":{"background-color":"","background-image":"","background-repeat":"repeat","background-position":"center center","background-size":"auto","background-attachment":"scroll","background-type":"","background-media":"","overlay-type":"","overlay-color":"","overlay-opacity":"","overlay-gradient":""},"mobile":{"background-color":"","background-image":"","background-repeat":"repeat","background-position":"center center","background-size":"auto","background-attachment":"scroll","background-type":"","background-media":"","overlay-type":"","overlay-color":"","overlay-opacity":"","overlay-gradient":""}},"ast-content-background-meta":{"desktop":{"background-color":"var(--ast-global-color-5)","background-image":"","background-repeat":"repeat","background-position":"center center","background-size":"auto","background-attachment":"scroll","background-type":"","background-media":"","overlay-type":"","overlay-color":"","overlay-opacity":"","overlay-gradient":""},"tablet":{"background-color":"var(--ast-global-color-5)","background-image":"","background-repeat":"repeat","background-position":"center center","background-size":"auto","background-attachment":"scroll","background-type":"","background-media":"","overlay-type":"","overlay-color":"","overlay-opacity":"","overlay-gradient":""},"mobile":{"background-color":"var(--ast-global-color-5)","background-image":"","background-repeat":"repeat","background-position":"center center","background-size":"auto","background-attachment":"scroll","background-type":"","background-media":"","overlay-type":"","overlay-color":"","overlay-opacity":"","overlay-gradient":""}}},"pwb-brand":[311],"product_brand":[],"product_cat":[179],"product_tag":[],"class_list":{"0":"post-10234","1":"product","2":"type-product","3":"status-publish","4":"has-post-thumbnail","6":"pwb-brand-merlo-fr","7":"product_cat-manipuladores-telescopicos-fr","8":"desktop-align-left","9":"tablet-align-left","10":"mobile-align-left","12":"first","13":"instock","14":"shipping-taxable","15":"product-type-simple"},"acf":[],"brands":[{"id":311,"name":"Merlo","slug":"merlo-fr"}],"_links":{"self":[{"href":"https:\/\/banerai.com\/fr\/wp-json\/wp\/v2\/product\/10234","targetHints":{"allow":["GET"]}}],"collection":[{"href":"https:\/\/banerai.com\/fr\/wp-json\/wp\/v2\/product"}],"about":[{"href":"https:\/\/banerai.com\/fr\/wp-json\/wp\/v2\/types\/product"}],"wp:featuredmedia":[{"embeddable":true,"href":"https:\/\/banerai.com\/fr\/wp-json\/wp\/v2\/media\/11668"}],"wp:attachment":[{"href":"https:\/\/banerai.com\/fr\/wp-json\/wp\/v2\/media?parent=10234"}],"wp:term":[{"taxonomy":"pwb-brand","embeddable":true,"href":"https:\/\/banerai.com\/fr\/wp-json\/wp\/v2\/pwb-brand?post=10234"},{"taxonomy":"product_brand","embeddable":true,"href":"https:\/\/banerai.com\/fr\/wp-json\/wp\/v2\/product_brand?post=10234"},{"taxonomy":"product_cat","embeddable":true,"href":"https:\/\/banerai.com\/fr\/wp-json\/wp\/v2\/product_cat?post=10234"},{"taxonomy":"product_tag","embeddable":true,"href":"https:\/\/banerai.com\/fr\/wp-json\/wp\/v2\/product_tag?post=10234"}],"curies":[{"name":"wp","href":"https:\/\/api.w.org\/{rel}","templated":true}]}}