{"id":10233,"date":"2024-07-29T16:32:43","date_gmt":"2024-07-29T14:32:43","guid":{"rendered":"https:\/\/banerai.com\/producto\/elevateur-genie-boom-s-85\/"},"modified":"2025-03-06T22:43:19","modified_gmt":"2025-03-06T21:43:19","slug":"elevateur-genie-boom-s-85","status":"publish","type":"product","link":"https:\/\/banerai.com\/fr\/product\/elevateur-genie-boom-s-85\/","title":{"rendered":"Elevateur Genie Boom S-85"},"content":{"rendered":"<h4>Caract\u00e9ristiques<\/h4>\n<p>\u00c9l\u00e9vateur t\u00e9lescopique<br \/>\nHauteur de travail 27,9 m<br \/>\nLongueur de la surface portante 0,76 m<br \/>\nLargeur de la surface portante 1,83 m<br \/>\nLongueur de transport 12,2 m<br \/>\nLargeur de transport 2,5 m<br \/>\nHauteur de transport 2,8 m<br \/>\nPoids 17.236 kg<br \/>\nNombre de personnes 2<br \/>\nPort\u00e9e lat\u00e9rale max. Port\u00e9e lat\u00e9rale 25,9 m<br \/>\nCharge utile 227 kg<br \/>\nVitesse 5,3 km\/h<br \/>\nCapacit\u00e9 pendulaire max. 45<\/p>\n","protected":false},"excerpt":{"rendered":"<p><strong>Mod\u00e8le:<\/strong> Boom S-85<br \/>\n<strong>Ann\u00e9e:<\/strong> 2001<br \/>\n<strong>Heures\/km:<\/strong> 6.500<br \/>\n<strong>Immatriculation:<\/strong> &#8211;<br \/>\n<strong>Marquage CE:<\/strong> Si<\/p>\n","protected":false},"featured_media":11422,"template":"","meta":{"inline_featured_image":false,"site-sidebar-layout":"default","site-content-layout":"","ast-site-content-layout":"default","site-content-style":"default","site-sidebar-style":"default","ast-global-header-display":"","ast-banner-title-visibility":"","ast-main-header-display":"","ast-hfb-above-header-display":"","ast-hfb-below-header-display":"","ast-hfb-mobile-header-display":"","site-post-title":"","ast-breadcrumbs-content":"","ast-featured-img":"","footer-sml-layout":"","theme-transparent-header-meta":"default","adv-header-id-meta":"","stick-header-meta":"","header-above-stick-meta":"","header-main-stick-meta":"","header-below-stick-meta":"","astra-migrate-meta-layouts":"set","ast-page-background-enabled":"default","ast-page-background-meta":{"desktop":{"background-color":"","background-image":"","background-repeat":"repeat","background-position":"center center","background-size":"auto","background-attachment":"scroll","background-type":"","background-media":"","overlay-type":"","overlay-color":"","overlay-opacity":"","overlay-gradient":""},"tablet":{"background-color":"","background-image":"","background-repeat":"repeat","background-position":"center center","background-size":"auto","background-attachment":"scroll","background-type":"","background-media":"","overlay-type":"","overlay-color":"","overlay-opacity":"","overlay-gradient":""},"mobile":{"background-color":"","background-image":"","background-repeat":"repeat","background-position":"center center","background-size":"auto","background-attachment":"scroll","background-type":"","background-media":"","overlay-type":"","overlay-color":"","overlay-opacity":"","overlay-gradient":""}},"ast-content-background-meta":{"desktop":{"background-color":"var(--ast-global-color-5)","background-image":"","background-repeat":"repeat","background-position":"center center","background-size":"auto","background-attachment":"scroll","background-type":"","background-media":"","overlay-type":"","overlay-color":"","overlay-opacity":"","overlay-gradient":""},"tablet":{"background-color":"var(--ast-global-color-5)","background-image":"","background-repeat":"repeat","background-position":"center center","background-size":"auto","background-attachment":"scroll","background-type":"","background-media":"","overlay-type":"","overlay-color":"","overlay-opacity":"","overlay-gradient":""},"mobile":{"background-color":"var(--ast-global-color-5)","background-image":"","background-repeat":"repeat","background-position":"center center","background-size":"auto","background-attachment":"scroll","background-type":"","background-media":"","overlay-type":"","overlay-color":"","overlay-opacity":"","overlay-gradient":""}}},"pwb-brand":[310],"product_brand":[],"product_cat":[181],"product_tag":[],"class_list":{"0":"post-10233","1":"product","2":"type-product","3":"status-publish","4":"has-post-thumbnail","6":"pwb-brand-genie-fr","7":"product_cat-elevadores-fr","8":"desktop-align-left","9":"tablet-align-left","10":"mobile-align-left","12":"first","13":"instock","14":"shipping-taxable","15":"product-type-simple"},"acf":[],"brands":[{"id":310,"name":"Genie","slug":"genie-fr"}],"_links":{"self":[{"href":"https:\/\/banerai.com\/fr\/wp-json\/wp\/v2\/product\/10233","targetHints":{"allow":["GET"]}}],"collection":[{"href":"https:\/\/banerai.com\/fr\/wp-json\/wp\/v2\/product"}],"about":[{"href":"https:\/\/banerai.com\/fr\/wp-json\/wp\/v2\/types\/product"}],"wp:featuredmedia":[{"embeddable":true,"href":"https:\/\/banerai.com\/fr\/wp-json\/wp\/v2\/media\/11422"}],"wp:attachment":[{"href":"https:\/\/banerai.com\/fr\/wp-json\/wp\/v2\/media?parent=10233"}],"wp:term":[{"taxonomy":"pwb-brand","embeddable":true,"href":"https:\/\/banerai.com\/fr\/wp-json\/wp\/v2\/pwb-brand?post=10233"},{"taxonomy":"product_brand","embeddable":true,"href":"https:\/\/banerai.com\/fr\/wp-json\/wp\/v2\/product_brand?post=10233"},{"taxonomy":"product_cat","embeddable":true,"href":"https:\/\/banerai.com\/fr\/wp-json\/wp\/v2\/product_cat?post=10233"},{"taxonomy":"product_tag","embeddable":true,"href":"https:\/\/banerai.com\/fr\/wp-json\/wp\/v2\/product_tag?post=10233"}],"curies":[{"name":"wp","href":"https:\/\/api.w.org\/{rel}","templated":true}]}}